{"id":6,"date":"2025-06-10T00:17:02","date_gmt":"2025-06-09T21:17:02","guid":{"rendered":"https:\/\/filizsonru.com\/magaza\/sepet\/"},"modified":"2025-06-15T16:25:26","modified_gmt":"2025-06-15T13:25:26","slug":"sepet","status":"publish","type":"page","link":"https:\/\/filizsonru.com\/magaza\/sepet\/","title":{"rendered":"Sepet"},"content":{"rendered":"\n<div data-block-name=\"woocommerce\/cart\" class=\"wp-block-woocommerce-cart alignwide is-loading\">\n<div data-block-name=\"woocommerce\/filled-cart-block\" class=\"wp-block-woocommerce-filled-cart-block\">\n<div data-block-name=\"woocommerce\/cart-items-block\" class=\"wp-block-woocommerce-cart-items-block\">\n<div data-block-name=\"woocommerce\/cart-line-items-block\" class=\"wp-block-woocommerce-cart-line-items-block\"><\/div>\n\n\n\n<div data-block-name=\"woocommerce\/cart-cross-sells-block\" class=\"wp-block-woocommerce-cart-cross-sells-block\">\n<h2 class=\"wp-block-heading has-large-font-size\">\u0130lginizi \u00e7ekebilir\u2026<\/h2>\n\n\n\n<div data-block-name=\"woocommerce\/cart-cross-sells-products-block\" class=\"wp-block-woocommerce-cart-cross-sells-products-block\"><\/div>\n<\/div>\n<\/div>\n\n\n\n<div data-block-name=\"woocommerce\/cart-totals-block\" class=\"wp-block-woocommerce-cart-totals-block\">\n<div data-block-name=\"woocommerce\/cart-order-summary-block\" class=\"wp-block-woocommerce-cart-order-summary-block\">\n<div data-block-name=\"woocommerce\/cart-order-summary-heading-block\" class=\"wp-block-woocommerce-cart-order-summary-heading-block\"><\/div><div data-block-name=\"woocommerce\/cart-order-summary-coupon-form-block\" class=\"wp-block-woocommerce-cart-order-summary-coupon-form-block\"><\/div><div data-block-name=\"woocommerce\/cart-order-summary-totals-block\" class=\"wp-block-woocommerce-cart-order-summary-totals-block\">\n<div data-block-name=\"woocommerce\/cart-order-summary-subtotal-block\" class=\"wp-block-woocommerce-cart-order-summary-subtotal-block\"><\/div>\n<div data-block-name=\"woocommerce\/cart-order-summary-discount-block\" class=\"wp-block-woocommerce-cart-order-summary-discount-block\"><\/div>\n<div data-block-name=\"woocommerce\/cart-order-summary-fee-block\" class=\"wp-block-woocommerce-cart-order-summary-fee-block\"><\/div>\n<div data-block-name=\"woocommerce\/cart-order-summary-shipping-block\" class=\"wp-block-woocommerce-cart-order-summary-shipping-block\"><\/div>\n<div data-block-name=\"woocommerce\/cart-order-summary-taxes-block\" class=\"wp-block-woocommerce-cart-order-summary-taxes-block\"><\/div><\/div>\n<\/div>\n\n\n\n<div data-block-name=\"woocommerce\/cart-express-payment-block\" class=\"wp-block-woocommerce-cart-express-payment-block\"><\/div>\n\n\n\n<div data-block-name=\"woocommerce\/proceed-to-checkout-block\" class=\"wp-block-woocommerce-proceed-to-checkout-block\"><\/div>\n\n\n\n<div data-block-name=\"woocommerce\/cart-accepted-payment-methods-block\" class=\"wp-block-woocommerce-cart-accepted-payment-methods-block\"><\/div>\n<\/div>\n<\/div>\n\n\n\n<div data-block-name=\"woocommerce\/empty-cart-block\" class=\"wp-block-woocommerce-empty-cart-block\">\n<h2 class=\"wp-block-heading has-text-align-center with-empty-cart-icon wc-block-cart__empty-cart__title\">Sepetiniz \u015fu anda bo\u015f!<\/h2>\n\n\n\n<hr class=\"wp-block-separator has-alpha-channel-opacity is-style-dots\"\/>\n\n\n\n<h2 class=\"wp-block-heading has-text-align-center\">Ma\u011fazada yeni<\/h2>\n\n\n<div data-block-name=\"woocommerce\/product-new\" data-columns=\"4\" data-rows=\"1\" class=\"wc-block-grid wp-block-product-new wp-block-woocommerce-product-new wc-block-product-new has-4-columns\"><ul class=\"wc-block-grid__products\"><li class=\"wc-block-grid__product entry loop-entry content-bg woo-archive-action-on-hover woo-archive-btn-button product-loop-boxed woo-archive-image-hover-none\">\n<a href=\"https:\/\/filizsonru.com\/magaza\/urun\/deneme7-clone-clone\/\" class=\"wc-block-grid__product-link woocommerce-loop-image-link woocommerce-LoopProduct-link woocommerce-loop-product__link\">\n\t\t\t\t\t<img fetchpriority=\"high\" decoding=\"async\" width=\"300\" height=\"300\" src=\"https:\/\/filizsonru.com\/magaza\/wp-content\/uploads\/sites\/2\/2025\/06\/akne-temizleme-jeli-300x300.png\" class=\"attachment-woocommerce_thumbnail size-woocommerce_thumbnail\" alt=\"deneme7 Clone Clone\" srcset=\"https:\/\/filizsonru.com\/magaza\/wp-content\/uploads\/sites\/2\/2025\/06\/akne-temizleme-jeli-300x300.png 300w, https:\/\/filizsonru.com\/magaza\/wp-content\/uploads\/sites\/2\/2025\/06\/akne-temizleme-jeli-150x150.png 150w, https:\/\/filizsonru.com\/magaza\/wp-content\/uploads\/sites\/2\/2025\/06\/akne-temizleme-jeli-768x768.png 768w, https:\/\/filizsonru.com\/magaza\/wp-content\/uploads\/sites\/2\/2025\/06\/akne-temizleme-jeli-24x24.png 24w, https:\/\/filizsonru.com\/magaza\/wp-content\/uploads\/sites\/2\/2025\/06\/akne-temizleme-jeli-36x36.png 36w, https:\/\/filizsonru.com\/magaza\/wp-content\/uploads\/sites\/2\/2025\/06\/akne-temizleme-jeli-48x48.png 48w, https:\/\/filizsonru.com\/magaza\/wp-content\/uploads\/sites\/2\/2025\/06\/akne-temizleme-jeli-600x600.png 600w, https:\/\/filizsonru.com\/magaza\/wp-content\/uploads\/sites\/2\/2025\/06\/akne-temizleme-jeli-100x100.png 100w, https:\/\/filizsonru.com\/magaza\/wp-content\/uploads\/sites\/2\/2025\/06\/akne-temizleme-jeli.png 1001w\" sizes=\"(max-width: 300px) 100vw, 300px\">\n\t\t\t\t\t\n\t\t\t\t<\/a><div class=\"wc-block-grid__product-onsale\">\n\t\t\t<span aria-hidden=\"true\">\u0130ndirim<\/span>\n\t\t\t<span class=\"screen-reader-text\">\u0130ndirimdeki \u00fcr\u00fcn<\/span>\n\t\t<\/div>\n\t\t\t\t<div class=\"product-details content-bg entry-content-wrap\">\n\t\t\t\t\t<a href=\"https:\/\/filizsonru.com\/magaza\/urun\/deneme7-clone-clone\/\" class=\"wc-block-grid__product-title-link\">\n\t\t\t\t\t\t<div class=\"wc-block-grid__product-title\">deneme7 Clone Clone<\/div>\n\t\t\t\t\t<\/a>\n\t\t\t\t\t\n\t\t\t\t\t<div class=\"wc-block-grid__product-price price\">\n<del aria-hidden=\"true\"><span class=\"woocommerce-Price-amount amount\">100,00<span class=\"woocommerce-Price-currencySymbol\">\u20ba<\/span><\/span><\/del> <span class=\"screen-reader-text\">Orijinal fiyat: 100,00\u20ba.<\/span><ins aria-hidden=\"true\"><span class=\"woocommerce-Price-amount amount\">60,00<span class=\"woocommerce-Price-currencySymbol\">\u20ba<\/span><\/span><\/ins><span class=\"screen-reader-text\">\u015eu andaki fiyat: 60,00\u20ba.<\/span>\n<\/div>\n\t\t\t\t\t<div class=\"wp-block-button wc-block-grid__product-add-to-cart\"><a href=\"\/magaza\/wp-json\/wp\/v2\/pages\/6?add-to-cart=80\" aria-label=\"Sepete ekle: \u201cdeneme7 Clone Clone\u201d\" data-quantity=\"1\" data-product_id=\"80\" data-product_sku=\"\" rel=\"nofollow\" class=\"wp-block-button__link add_to_cart_button ajax_add_to_cart\">Sepete Ekle<span class=\"kadence-svg-iconset svg-baseline\"><svg class=\"kadence-svg-icon kadence-spinner-svg\" fill=\"currentColor\" version=\"1.1\" xmlns=\"http:\/\/www.w3.org\/2000\/svg\" width=\"16\" height=\"16\" viewbox=\"0 0 16 16\"><title>Y\u00fckleniyor<\/title>\n<path d=\"M16 6h-6l2.243-2.243c-1.133-1.133-2.64-1.757-4.243-1.757s-3.109 0.624-4.243 1.757c-1.133 1.133-1.757 2.64-1.757 4.243s0.624 3.109 1.757 4.243c1.133 1.133 2.64 1.757 4.243 1.757s3.109-0.624 4.243-1.757c0.095-0.095 0.185-0.192 0.273-0.292l1.505 1.317c-1.466 1.674-3.62 2.732-6.020 2.732-4.418 0-8-3.582-8-8s3.582-8 8-8c2.209 0 4.209 0.896 5.656 2.344l2.343-2.344v6z\"><\/path>\n\t\t\t\t<\/svg><\/span><span class=\"kadence-svg-iconset svg-baseline\"><svg class=\"kadence-svg-icon kadence-check-svg\" fill=\"currentColor\" version=\"1.1\" xmlns=\"http:\/\/www.w3.org\/2000\/svg\" width=\"16\" height=\"16\" viewbox=\"0 0 16 16\"><title>Yap\u0131l\u0131<\/title>\n<path d=\"M14 2.5l-8.5 8.5-3.5-3.5-1.5 1.5 5 5 10-10z\"><\/path>\n\t\t\t\t<\/svg><\/span><\/a><\/div>\n<div class=\"tinv-wraper woocommerce tinv-wishlist tinvwl-after-add-to-cart tinvwl-loop-button-wrapper tinvwl-woocommerce_blocks_product_grid_item_html\" data-tinvwl_product_id=\"80\">\r\n\t<div class=\"tinv-wishlist-clear\"><\/div>\n<a role=\"button\" tabindex=\"0\" name=\"begen\" aria-label=\"Be\u011fen\" class=\"tinvwl_add_to_wishlist_button tinvwl-icon-heart  tinvwl-position-after tinvwl-loop\" data-tinv-wl-list=\"[]\" data-tinv-wl-product=\"80\" data-tinv-wl-productvariation=\"0\" data-tinv-wl-productvariations=\"[]\" data-tinv-wl-producttype=\"simple\" data-tinv-wl-action=\"add\"><span class=\"tinvwl_add_to_wishlist-text\">Be\u011fen<\/span><\/a><div class=\"tinv-wishlist-clear\"><\/div>\t\t<div class=\"tinvwl-tooltip\">Be\u011fen<\/div>\r\n<\/div>\n\t\t\t\t<\/div>\n\t\t\t<\/li><li class=\"wc-block-grid__product entry loop-entry content-bg woo-archive-action-on-hover woo-archive-btn-button product-loop-boxed woo-archive-image-hover-none\">\n<a href=\"https:\/\/filizsonru.com\/magaza\/urun\/deneme6clone-clone\/\" class=\"wc-block-grid__product-link woocommerce-loop-image-link woocommerce-LoopProduct-link woocommerce-loop-product__link\">\n\t\t\t\t\t<img decoding=\"async\" width=\"300\" height=\"300\" src=\"https:\/\/filizsonru.com\/magaza\/wp-content\/uploads\/sites\/2\/2025\/06\/akne-temizleme-jeli-300x300.png\" class=\"attachment-woocommerce_thumbnail size-woocommerce_thumbnail\" alt=\"deneme6Clone Clone\" srcset=\"https:\/\/filizsonru.com\/magaza\/wp-content\/uploads\/sites\/2\/2025\/06\/akne-temizleme-jeli-300x300.png 300w, https:\/\/filizsonru.com\/magaza\/wp-content\/uploads\/sites\/2\/2025\/06\/akne-temizleme-jeli-150x150.png 150w, https:\/\/filizsonru.com\/magaza\/wp-content\/uploads\/sites\/2\/2025\/06\/akne-temizleme-jeli-768x768.png 768w, https:\/\/filizsonru.com\/magaza\/wp-content\/uploads\/sites\/2\/2025\/06\/akne-temizleme-jeli-24x24.png 24w, https:\/\/filizsonru.com\/magaza\/wp-content\/uploads\/sites\/2\/2025\/06\/akne-temizleme-jeli-36x36.png 36w, https:\/\/filizsonru.com\/magaza\/wp-content\/uploads\/sites\/2\/2025\/06\/akne-temizleme-jeli-48x48.png 48w, https:\/\/filizsonru.com\/magaza\/wp-content\/uploads\/sites\/2\/2025\/06\/akne-temizleme-jeli-600x600.png 600w, https:\/\/filizsonru.com\/magaza\/wp-content\/uploads\/sites\/2\/2025\/06\/akne-temizleme-jeli-100x100.png 100w, https:\/\/filizsonru.com\/magaza\/wp-content\/uploads\/sites\/2\/2025\/06\/akne-temizleme-jeli.png 1001w\" sizes=\"(max-width: 300px) 100vw, 300px\">\n\t\t\t\t\t\n\t\t\t\t<\/a><div class=\"wc-block-grid__product-onsale\">\n\t\t\t<span aria-hidden=\"true\">\u0130ndirim<\/span>\n\t\t\t<span class=\"screen-reader-text\">\u0130ndirimdeki \u00fcr\u00fcn<\/span>\n\t\t<\/div>\n\t\t\t\t<div class=\"product-details content-bg entry-content-wrap\">\n\t\t\t\t\t<a href=\"https:\/\/filizsonru.com\/magaza\/urun\/deneme6clone-clone\/\" class=\"wc-block-grid__product-title-link\">\n\t\t\t\t\t\t<div class=\"wc-block-grid__product-title\">deneme6Clone Clone<\/div>\n\t\t\t\t\t<\/a>\n\t\t\t\t\t\n\t\t\t\t\t<div class=\"wc-block-grid__product-price price\">\n<del aria-hidden=\"true\"><span class=\"woocommerce-Price-amount amount\">722,00<span class=\"woocommerce-Price-currencySymbol\">\u20ba<\/span><\/span><\/del> <span class=\"screen-reader-text\">Orijinal fiyat: 722,00\u20ba.<\/span><ins aria-hidden=\"true\"><span class=\"woocommerce-Price-amount amount\">600,00<span class=\"woocommerce-Price-currencySymbol\">\u20ba<\/span><\/span><\/ins><span class=\"screen-reader-text\">\u015eu andaki fiyat: 600,00\u20ba.<\/span>\n<\/div>\n\t\t\t\t\t<div class=\"wp-block-button wc-block-grid__product-add-to-cart\"><a href=\"\/magaza\/wp-json\/wp\/v2\/pages\/6?add-to-cart=79\" aria-label=\"Sepete ekle: \u201cdeneme6Clone Clone\u201d\" data-quantity=\"1\" data-product_id=\"79\" data-product_sku=\"\" rel=\"nofollow\" class=\"wp-block-button__link add_to_cart_button ajax_add_to_cart\">Sepete Ekle<span class=\"kadence-svg-iconset svg-baseline\"><svg class=\"kadence-svg-icon kadence-spinner-svg\" fill=\"currentColor\" version=\"1.1\" xmlns=\"http:\/\/www.w3.org\/2000\/svg\" width=\"16\" height=\"16\" viewbox=\"0 0 16 16\"><title>Y\u00fckleniyor<\/title>\n<path d=\"M16 6h-6l2.243-2.243c-1.133-1.133-2.64-1.757-4.243-1.757s-3.109 0.624-4.243 1.757c-1.133 1.133-1.757 2.64-1.757 4.243s0.624 3.109 1.757 4.243c1.133 1.133 2.64 1.757 4.243 1.757s3.109-0.624 4.243-1.757c0.095-0.095 0.185-0.192 0.273-0.292l1.505 1.317c-1.466 1.674-3.62 2.732-6.020 2.732-4.418 0-8-3.582-8-8s3.582-8 8-8c2.209 0 4.209 0.896 5.656 2.344l2.343-2.344v6z\"><\/path>\n\t\t\t\t<\/svg><\/span><span class=\"kadence-svg-iconset svg-baseline\"><svg class=\"kadence-svg-icon kadence-check-svg\" fill=\"currentColor\" version=\"1.1\" xmlns=\"http:\/\/www.w3.org\/2000\/svg\" width=\"16\" height=\"16\" viewbox=\"0 0 16 16\"><title>Yap\u0131l\u0131<\/title>\n<path d=\"M14 2.5l-8.5 8.5-3.5-3.5-1.5 1.5 5 5 10-10z\"><\/path>\n\t\t\t\t<\/svg><\/span><\/a><\/div>\n<div class=\"tinv-wraper woocommerce tinv-wishlist tinvwl-after-add-to-cart tinvwl-loop-button-wrapper tinvwl-woocommerce_blocks_product_grid_item_html\" data-tinvwl_product_id=\"79\">\r\n\t<div class=\"tinv-wishlist-clear\"><\/div>\n<a role=\"button\" tabindex=\"0\" name=\"begen\" aria-label=\"Be\u011fen\" class=\"tinvwl_add_to_wishlist_button tinvwl-icon-heart  tinvwl-position-after tinvwl-loop\" data-tinv-wl-list=\"[]\" data-tinv-wl-product=\"79\" data-tinv-wl-productvariation=\"0\" data-tinv-wl-productvariations=\"[]\" data-tinv-wl-producttype=\"simple\" data-tinv-wl-action=\"add\"><span class=\"tinvwl_add_to_wishlist-text\">Be\u011fen<\/span><\/a><div class=\"tinv-wishlist-clear\"><\/div>\t\t<div class=\"tinvwl-tooltip\">Be\u011fen<\/div>\r\n<\/div>\n\t\t\t\t<\/div>\n\t\t\t<\/li><li class=\"wc-block-grid__product entry loop-entry content-bg woo-archive-action-on-hover woo-archive-btn-button product-loop-boxed woo-archive-image-hover-none\">\n<a href=\"https:\/\/filizsonru.com\/magaza\/urun\/deneme5clone-clone\/\" class=\"wc-block-grid__product-link woocommerce-loop-image-link woocommerce-LoopProduct-link woocommerce-loop-product__link\">\n\t\t\t\t\t<img decoding=\"async\" width=\"300\" height=\"300\" src=\"https:\/\/filizsonru.com\/magaza\/wp-content\/uploads\/sites\/2\/2025\/06\/akne-temizleme-jeli-300x300.png\" class=\"attachment-woocommerce_thumbnail size-woocommerce_thumbnail\" alt=\"deneme5Clone Clone\" srcset=\"https:\/\/filizsonru.com\/magaza\/wp-content\/uploads\/sites\/2\/2025\/06\/akne-temizleme-jeli-300x300.png 300w, https:\/\/filizsonru.com\/magaza\/wp-content\/uploads\/sites\/2\/2025\/06\/akne-temizleme-jeli-150x150.png 150w, https:\/\/filizsonru.com\/magaza\/wp-content\/uploads\/sites\/2\/2025\/06\/akne-temizleme-jeli-768x768.png 768w, https:\/\/filizsonru.com\/magaza\/wp-content\/uploads\/sites\/2\/2025\/06\/akne-temizleme-jeli-24x24.png 24w, https:\/\/filizsonru.com\/magaza\/wp-content\/uploads\/sites\/2\/2025\/06\/akne-temizleme-jeli-36x36.png 36w, https:\/\/filizsonru.com\/magaza\/wp-content\/uploads\/sites\/2\/2025\/06\/akne-temizleme-jeli-48x48.png 48w, https:\/\/filizsonru.com\/magaza\/wp-content\/uploads\/sites\/2\/2025\/06\/akne-temizleme-jeli-600x600.png 600w, https:\/\/filizsonru.com\/magaza\/wp-content\/uploads\/sites\/2\/2025\/06\/akne-temizleme-jeli-100x100.png 100w, https:\/\/filizsonru.com\/magaza\/wp-content\/uploads\/sites\/2\/2025\/06\/akne-temizleme-jeli.png 1001w\" sizes=\"(max-width: 300px) 100vw, 300px\">\n\t\t\t\t\t\n\t\t\t\t<\/a><div class=\"wc-block-grid__product-onsale\">\n\t\t\t<span aria-hidden=\"true\">\u0130ndirim<\/span>\n\t\t\t<span class=\"screen-reader-text\">\u0130ndirimdeki \u00fcr\u00fcn<\/span>\n\t\t<\/div>\n\t\t\t\t<div class=\"product-details content-bg entry-content-wrap\">\n\t\t\t\t\t<a href=\"https:\/\/filizsonru.com\/magaza\/urun\/deneme5clone-clone\/\" class=\"wc-block-grid__product-title-link\">\n\t\t\t\t\t\t<div class=\"wc-block-grid__product-title\">deneme5Clone Clone<\/div>\n\t\t\t\t\t<\/a>\n\t\t\t\t\t\n\t\t\t\t\t<div class=\"wc-block-grid__product-price price\">\n<del aria-hidden=\"true\"><span class=\"woocommerce-Price-amount amount\">1.000,00<span class=\"woocommerce-Price-currencySymbol\">\u20ba<\/span><\/span><\/del> <span class=\"screen-reader-text\">Orijinal fiyat: 1.000,00\u20ba.<\/span><ins aria-hidden=\"true\"><span class=\"woocommerce-Price-amount amount\">900,00<span class=\"woocommerce-Price-currencySymbol\">\u20ba<\/span><\/span><\/ins><span class=\"screen-reader-text\">\u015eu andaki fiyat: 900,00\u20ba.<\/span>\n<\/div>\n\t\t\t\t\t<div class=\"wp-block-button wc-block-grid__product-add-to-cart\"><a href=\"https:\/\/filizsonru.com\/magaza\/urun\/deneme5clone-clone\/\" aria-label=\"Sepete ekle: \u201cdeneme5Clone Clone\u201d\" data-quantity=\"1\" data-product_id=\"78\" data-product_sku=\"\" rel=\"nofollow\" class=\"wp-block-button__link add_to_cart_button\">Se\u00e7enekler&#8217;i se\u00e7in<span class=\"kadence-svg-iconset svg-baseline\"><svg class=\"kadence-svg-icon kadence-spinner-svg\" fill=\"currentColor\" version=\"1.1\" xmlns=\"http:\/\/www.w3.org\/2000\/svg\" width=\"16\" height=\"16\" viewbox=\"0 0 16 16\"><title>Y\u00fckleniyor<\/title>\n<path d=\"M16 6h-6l2.243-2.243c-1.133-1.133-2.64-1.757-4.243-1.757s-3.109 0.624-4.243 1.757c-1.133 1.133-1.757 2.64-1.757 4.243s0.624 3.109 1.757 4.243c1.133 1.133 2.64 1.757 4.243 1.757s3.109-0.624 4.243-1.757c0.095-0.095 0.185-0.192 0.273-0.292l1.505 1.317c-1.466 1.674-3.62 2.732-6.020 2.732-4.418 0-8-3.582-8-8s3.582-8 8-8c2.209 0 4.209 0.896 5.656 2.344l2.343-2.344v6z\"><\/path>\n\t\t\t\t<\/svg><\/span><span class=\"kadence-svg-iconset svg-baseline\"><svg class=\"kadence-svg-icon kadence-check-svg\" fill=\"currentColor\" version=\"1.1\" xmlns=\"http:\/\/www.w3.org\/2000\/svg\" width=\"16\" height=\"16\" viewbox=\"0 0 16 16\"><title>Yap\u0131l\u0131<\/title>\n<path d=\"M14 2.5l-8.5 8.5-3.5-3.5-1.5 1.5 5 5 10-10z\"><\/path>\n\t\t\t\t<\/svg><\/span><\/a><\/div>\n<div class=\"tinv-wraper woocommerce tinv-wishlist tinvwl-after-add-to-cart tinvwl-loop-button-wrapper tinvwl-woocommerce_blocks_product_grid_item_html\" data-tinvwl_product_id=\"78\">\r\n\t<div class=\"tinv-wishlist-clear\"><\/div>\n<a role=\"button\" tabindex=\"0\" name=\"begen\" aria-label=\"Be\u011fen\" class=\"tinvwl_add_to_wishlist_button tinvwl-icon-heart  tinvwl-position-after tinvwl-loop\" data-tinv-wl-list=\"[]\" data-tinv-wl-product=\"78\" data-tinv-wl-productvariation=\"0\" data-tinv-wl-productvariations=\"[]\" data-tinv-wl-producttype=\"simple\" data-tinv-wl-action=\"add\"><span class=\"tinvwl_add_to_wishlist-text\">Be\u011fen<\/span><\/a><div class=\"tinv-wishlist-clear\"><\/div>\t\t<div class=\"tinvwl-tooltip\">Be\u011fen<\/div>\r\n<\/div>\n\t\t\t\t<\/div>\n\t\t\t<\/li><li class=\"wc-block-grid__product entry loop-entry content-bg woo-archive-action-on-hover woo-archive-btn-button product-loop-boxed woo-archive-image-hover-none\">\n<a href=\"https:\/\/filizsonru.com\/magaza\/urun\/deneme4-clone-clone\/\" class=\"wc-block-grid__product-link woocommerce-loop-image-link woocommerce-LoopProduct-link woocommerce-loop-product__link\">\n\t\t\t\t\t<img loading=\"lazy\" decoding=\"async\" width=\"300\" height=\"300\" src=\"https:\/\/filizsonru.com\/magaza\/wp-content\/uploads\/sites\/2\/2025\/06\/akne-temizleme-jeli-300x300.png\" class=\"attachment-woocommerce_thumbnail size-woocommerce_thumbnail\" alt=\"deneme4 Clone Clone\" srcset=\"https:\/\/filizsonru.com\/magaza\/wp-content\/uploads\/sites\/2\/2025\/06\/akne-temizleme-jeli-300x300.png 300w, https:\/\/filizsonru.com\/magaza\/wp-content\/uploads\/sites\/2\/2025\/06\/akne-temizleme-jeli-150x150.png 150w, https:\/\/filizsonru.com\/magaza\/wp-content\/uploads\/sites\/2\/2025\/06\/akne-temizleme-jeli-768x768.png 768w, https:\/\/filizsonru.com\/magaza\/wp-content\/uploads\/sites\/2\/2025\/06\/akne-temizleme-jeli-24x24.png 24w, https:\/\/filizsonru.com\/magaza\/wp-content\/uploads\/sites\/2\/2025\/06\/akne-temizleme-jeli-36x36.png 36w, https:\/\/filizsonru.com\/magaza\/wp-content\/uploads\/sites\/2\/2025\/06\/akne-temizleme-jeli-48x48.png 48w, https:\/\/filizsonru.com\/magaza\/wp-content\/uploads\/sites\/2\/2025\/06\/akne-temizleme-jeli-600x600.png 600w, https:\/\/filizsonru.com\/magaza\/wp-content\/uploads\/sites\/2\/2025\/06\/akne-temizleme-jeli-100x100.png 100w, https:\/\/filizsonru.com\/magaza\/wp-content\/uploads\/sites\/2\/2025\/06\/akne-temizleme-jeli.png 1001w\" sizes=\"(max-width: 300px) 100vw, 300px\">\n\t\t\t\t\t\n\t\t\t\t<\/a><div class=\"wc-block-grid__product-onsale\">\n\t\t\t<span aria-hidden=\"true\">\u0130ndirim<\/span>\n\t\t\t<span class=\"screen-reader-text\">\u0130ndirimdeki \u00fcr\u00fcn<\/span>\n\t\t<\/div>\n\t\t\t\t<div class=\"product-details content-bg entry-content-wrap\">\n\t\t\t\t\t<a href=\"https:\/\/filizsonru.com\/magaza\/urun\/deneme4-clone-clone\/\" class=\"wc-block-grid__product-title-link\">\n\t\t\t\t\t\t<div class=\"wc-block-grid__product-title\">deneme4 Clone Clone<\/div>\n\t\t\t\t\t<\/a>\n\t\t\t\t\t\n\t\t\t\t\t<div class=\"wc-block-grid__product-price price\">\n<del aria-hidden=\"true\"><span class=\"woocommerce-Price-amount amount\">10.000,00<span class=\"woocommerce-Price-currencySymbol\">\u20ba<\/span><\/span><\/del> <span class=\"screen-reader-text\">Orijinal fiyat: 10.000,00\u20ba.<\/span><ins aria-hidden=\"true\"><span class=\"woocommerce-Price-amount amount\">6.000,00<span class=\"woocommerce-Price-currencySymbol\">\u20ba<\/span><\/span><\/ins><span class=\"screen-reader-text\">\u015eu andaki fiyat: 6.000,00\u20ba.<\/span>\n<\/div>\n\t\t\t\t\t<div class=\"wp-block-button wc-block-grid__product-add-to-cart\"><a href=\"\/magaza\/wp-json\/wp\/v2\/pages\/6?add-to-cart=77\" aria-label=\"Sepete ekle: \u201cdeneme4 Clone Clone\u201d\" data-quantity=\"1\" data-product_id=\"77\" data-product_sku=\"\" rel=\"nofollow\" class=\"wp-block-button__link add_to_cart_button ajax_add_to_cart\">Sepete Ekle<span class=\"kadence-svg-iconset svg-baseline\"><svg class=\"kadence-svg-icon kadence-spinner-svg\" fill=\"currentColor\" version=\"1.1\" xmlns=\"http:\/\/www.w3.org\/2000\/svg\" width=\"16\" height=\"16\" viewbox=\"0 0 16 16\"><title>Y\u00fckleniyor<\/title>\n<path d=\"M16 6h-6l2.243-2.243c-1.133-1.133-2.64-1.757-4.243-1.757s-3.109 0.624-4.243 1.757c-1.133 1.133-1.757 2.64-1.757 4.243s0.624 3.109 1.757 4.243c1.133 1.133 2.64 1.757 4.243 1.757s3.109-0.624 4.243-1.757c0.095-0.095 0.185-0.192 0.273-0.292l1.505 1.317c-1.466 1.674-3.62 2.732-6.020 2.732-4.418 0-8-3.582-8-8s3.582-8 8-8c2.209 0 4.209 0.896 5.656 2.344l2.343-2.344v6z\"><\/path>\n\t\t\t\t<\/svg><\/span><span class=\"kadence-svg-iconset svg-baseline\"><svg class=\"kadence-svg-icon kadence-check-svg\" fill=\"currentColor\" version=\"1.1\" xmlns=\"http:\/\/www.w3.org\/2000\/svg\" width=\"16\" height=\"16\" viewbox=\"0 0 16 16\"><title>Yap\u0131l\u0131<\/title>\n<path d=\"M14 2.5l-8.5 8.5-3.5-3.5-1.5 1.5 5 5 10-10z\"><\/path>\n\t\t\t\t<\/svg><\/span><\/a><\/div>\n<div class=\"tinv-wraper woocommerce tinv-wishlist tinvwl-after-add-to-cart tinvwl-loop-button-wrapper tinvwl-woocommerce_blocks_product_grid_item_html\" data-tinvwl_product_id=\"77\">\r\n\t<div class=\"tinv-wishlist-clear\"><\/div>\n<a role=\"button\" tabindex=\"0\" name=\"begen\" aria-label=\"Be\u011fen\" class=\"tinvwl_add_to_wishlist_button tinvwl-icon-heart  tinvwl-position-after tinvwl-loop\" data-tinv-wl-list=\"[]\" data-tinv-wl-product=\"77\" data-tinv-wl-productvariation=\"0\" data-tinv-wl-productvariations=\"[]\" data-tinv-wl-producttype=\"simple\" data-tinv-wl-action=\"add\"><span class=\"tinvwl_add_to_wishlist-text\">Be\u011fen<\/span><\/a><div class=\"tinv-wishlist-clear\"><\/div>\t\t<div class=\"tinvwl-tooltip\">Be\u011fen<\/div>\r\n<\/div>\n\t\t\t\t<\/div>\n\t\t\t<\/li><\/ul><\/div><\/div>\n<\/div>\n","protected":false},"excerpt":{"rendered":"","protected":false},"author":1,"featured_media":0,"parent":0,"menu_order":0,"comment_status":"closed","ping_status":"closed","template":"","meta":{"pagelayer_contact_templates":[],"_pagelayer_content":"","_kadence_starter_templates_imported_post":false,"_kad_post_transparent":"","_kad_post_title":"","_kad_post_layout":"","_kad_post_sidebar_id":"","_kad_post_content_style":"","_kad_post_vertical_padding":"","_kad_post_feature":"","_kad_post_feature_position":"","_kad_post_header":false,"_kad_post_footer":false,"_kad_post_classname":"","footnotes":""},"class_list":["post-6","page","type-page","status-publish","hentry"],"_links":{"self":[{"href":"https:\/\/filizsonru.com\/magaza\/wp-json\/wp\/v2\/pages\/6","targetHints":{"allow":["GET"]}}],"collection":[{"href":"https:\/\/filizsonru.com\/magaza\/wp-json\/wp\/v2\/pages"}],"about":[{"href":"https:\/\/filizsonru.com\/magaza\/wp-json\/wp\/v2\/types\/page"}],"author":[{"embeddable":true,"href":"https:\/\/filizsonru.com\/magaza\/wp-json\/wp\/v2\/users\/1"}],"replies":[{"embeddable":true,"href":"https:\/\/filizsonru.com\/magaza\/wp-json\/wp\/v2\/comments?post=6"}],"version-history":[{"count":1,"href":"https:\/\/filizsonru.com\/magaza\/wp-json\/wp\/v2\/pages\/6\/revisions"}],"predecessor-version":[{"id":140,"href":"https:\/\/filizsonru.com\/magaza\/wp-json\/wp\/v2\/pages\/6\/revisions\/140"}],"wp:attachment":[{"href":"https:\/\/filizsonru.com\/magaza\/wp-json\/wp\/v2\/media?parent=6"}],"curies":[{"name":"wp","href":"https:\/\/api.w.org\/{rel}","templated":true}]}}