{"id":236,"date":"2025-07-24T00:15:30","date_gmt":"2025-07-23T21:15:30","guid":{"rendered":"https:\/\/filizsonru.com\/magaza\/?page_id=236"},"modified":"2025-07-24T00:21:14","modified_gmt":"2025-07-23T21:21:14","slug":"hakkimizda","status":"publish","type":"page","link":"https:\/\/filizsonru.com\/magaza\/hakkimizda\/","title":{"rendered":"Hakk\u0131m\u0131zda"},"content":{"rendered":"\n\n\n<h2>Neden Filiz Sonru Ma\u011fazas\u0131?<\/h2>\n\n\n\n\n\u00c7\u00fcnk\u00fc g\u00fczellik, do\u011fru \u00fcr\u00fcnle ba\u015flar.\n\nFiliz Sonru olarak, 25 y\u0131ll\u0131k sekt\u00f6r deneyimimizle, yaln\u0131zca e\u011fitim vermiyor; ayn\u0131 zamanda en kaliteli \u00fcr\u00fcnleri, en g\u00fcvenilir markalar\u0131 ve en yeni teknolojileri sizlerle bulu\u015fturuyoruz.\n\nMa\u011fazalar\u0131m\u0131zda, d\u00fcnyaca \u00fcnl\u00fc g\u00fczellik markalar\u0131n\u0131n lisansl\u0131 \u00fcr\u00fcnlerine ve son teknoloji cihazlar\u0131na ula\u015fabilir; hem bireysel hem de profesyonel ihtiya\u00e7lar\u0131n\u0131z i\u00e7in do\u011fru se\u00e7imleri yapabilirsiniz.\n\nSekt\u00f6rdeki \u00fcr\u00fcn ve cihaz kirlili\u011fine kar\u015f\u0131, biz %100 g\u00fcvenilirlik ve profesyonel destek sunuyoruz.\n\u00dcr\u00fcn sat\u0131n al\u0131rken neye ihtiyac\u0131n\u0131z oldu\u011funu birlikte belirliyor, size en uygun \u00e7\u00f6z\u00fcmleri \u00f6neriyoruz.\n\nKalite, bilgi ve deneyim bir arada\u2026\nFiliz Sonru ma\u011fazas\u0131nda sadece \u00fcr\u00fcn de\u011fil, g\u00fcven sat\u0131n al\u0131rs\u0131n\u0131z.\n\nSizi de ma\u011fazam\u0131za  bekliyoruz \u2014 \u00e7\u00fcnk\u00fc g\u00fczelli\u011fe giden yolda en do\u011fru ad\u0131m\u0131 Filiz Sonru \u2018 da birlikte atal\u0131m.\n\n\n\n\n\n\n","protected":false},"excerpt":{"rendered":"","protected":false},"author":1,"featured_media":0,"parent":0,"menu_order":0,"comment_status":"closed","ping_status":"closed","template":"elementor_theme","meta":{"pagelayer_contact_templates":[],"_pagelayer_content":"","_kadence_starter_templates_imported_post":false,"_kad_post_transparent":"","_kad_post_title":"","_kad_post_layout":"","_kad_post_sidebar_id":"","_kad_post_content_style":"","_kad_post_vertical_padding":"","_kad_post_feature":"","_kad_post_feature_position":"","_kad_post_header":false,"_kad_post_footer":false,"_kad_post_classname":"","footnotes":""},"class_list":["post-236","page","type-page","status-publish","hentry"],"_links":{"self":[{"href":"https:\/\/filizsonru.com\/magaza\/wp-json\/wp\/v2\/pages\/236","targetHints":{"allow":["GET"]}}],"collection":[{"href":"https:\/\/filizsonru.com\/magaza\/wp-json\/wp\/v2\/pages"}],"about":[{"href":"https:\/\/filizsonru.com\/magaza\/wp-json\/wp\/v2\/types\/page"}],"author":[{"embeddable":true,"href":"https:\/\/filizsonru.com\/magaza\/wp-json\/wp\/v2\/users\/1"}],"replies":[{"embeddable":true,"href":"https:\/\/filizsonru.com\/magaza\/wp-json\/wp\/v2\/comments?post=236"}],"version-history":[{"count":5,"href":"https:\/\/filizsonru.com\/magaza\/wp-json\/wp\/v2\/pages\/236\/revisions"}],"predecessor-version":[{"id":241,"href":"https:\/\/filizsonru.com\/magaza\/wp-json\/wp\/v2\/pages\/236\/revisions\/241"}],"wp:attachment":[{"href":"https:\/\/filizsonru.com\/magaza\/wp-json\/wp\/v2\/media?parent=236"}],"curies":[{"name":"wp","href":"https:\/\/api.w.org\/{rel}","templated":true}]}}