{"id":2389,"date":"2026-04-06T22:05:58","date_gmt":"2026-04-06T19:05:58","guid":{"rendered":"https:\/\/filizsonru.com\/beauty\/?page_id=2389"},"modified":"2026-04-06T22:52:46","modified_gmt":"2026-04-06T19:52:46","slug":"iletisim","status":"publish","type":"page","link":"https:\/\/filizsonru.com\/beauty\/iletisim\/","title":{"rendered":"\u0130leti\u015fim"},"content":{"rendered":"\t\t<div data-elementor-type=\"wp-page\" data-elementor-id=\"2389\" class=\"elementor elementor-2389\">\n\t\t\t\t<div class=\"elementor-element elementor-element-6bfc1d0 e-grid e-con-boxed e-con e-parent\" data-id=\"6bfc1d0\" data-element_type=\"container\" data-e-type=\"container\">\n\t\t\t\t\t<div class=\"e-con-inner\">\n\t\t\t\t<div class=\"elementor-element elementor-element-3468f81 elementor-widget elementor-widget-google_maps\" data-id=\"3468f81\" data-element_type=\"widget\" data-e-type=\"widget\" data-widget_type=\"google_maps.default\">\n\t\t\t\t<div class=\"elementor-widget-container\">\n\t\t\t\t\t\t\t<div class=\"elementor-custom-embed\">\n\t\t\t<iframe loading=\"lazy\"\n\t\t\t\t\tsrc=\"https:\/\/maps.google.com\/maps?q=Ye%C5%9Filbah%C3%A7e%2C%201481.%20Sk.%20No%3A4%2F3%2C%2007230%20Muratpa%C5%9Fa%2FAntalya%2C%20T%C3%BCrkiye&#038;t=m&#038;z=10&#038;output=embed&#038;iwloc=near\"\n\t\t\t\t\ttitle=\"Ye\u015filbah\u00e7e, 1481. Sk. No:4\/3, 07230 Muratpa\u015fa\/Antalya, T\u00fcrkiye\"\n\t\t\t\t\taria-label=\"Ye\u015filbah\u00e7e, 1481. Sk. No:4\/3, 07230 Muratpa\u015fa\/Antalya, T\u00fcrkiye\"\n\t\t\t><\/iframe>\n\t\t<\/div>\n\t\t\t\t\t\t<\/div>\n\t\t\t\t<\/div>\n\t\t\t\t<div class=\"elementor-element elementor-element-7ffda13 elementor-widget elementor-widget-google_maps\" data-id=\"7ffda13\" data-element_type=\"widget\" data-e-type=\"widget\" data-widget_type=\"google_maps.default\">\n\t\t\t\t<div class=\"elementor-widget-container\">\n\t\t\t\t\t\t\t<div class=\"elementor-custom-embed\">\n\t\t\t<iframe loading=\"lazy\"\n\t\t\t\t\tsrc=\"https:\/\/maps.google.com\/maps?q=Toros%20Mah.%20Atat%C3%BCrk%20Bulvar%C4%B1%20Ba%C5%9Fak%20Apt.%20No%3A%2096%20Kat%3A1&#038;t=m&#038;z=10&#038;output=embed&#038;iwloc=near\"\n\t\t\t\t\ttitle=\"Toros Mah. Atat\u00fcrk Bulvar\u0131 Ba\u015fak Apt. No: 96 Kat:1\"\n\t\t\t\t\taria-label=\"Toros Mah. Atat\u00fcrk Bulvar\u0131 Ba\u015fak Apt. No: 96 Kat:1\"\n\t\t\t><\/iframe>\n\t\t<\/div>\n\t\t\t\t\t\t<\/div>\n\t\t\t\t<\/div>\n\t\t\t\t<div class=\"elementor-element elementor-element-b89f22a elementor-widget elementor-widget-google_maps\" data-id=\"b89f22a\" data-element_type=\"widget\" data-e-type=\"widget\" data-widget_type=\"google_maps.default\">\n\t\t\t\t<div class=\"elementor-widget-container\">\n\t\t\t\t\t\t\t<div class=\"elementor-custom-embed\">\n\t\t\t<iframe loading=\"lazy\"\n\t\t\t\t\tsrc=\"https:\/\/maps.google.com\/maps?q=%C4%B0smet%20G%C3%B6k%C5%9Fen%20Cad.%20No%3A73%20Kat%3A1&#038;t=m&#038;z=10&#038;output=embed&#038;iwloc=near\"\n\t\t\t\t\ttitle=\"\u0130smet G\u00f6k\u015fen Cad. No:73 Kat:1\"\n\t\t\t\t\taria-label=\"\u0130smet G\u00f6k\u015fen Cad. No:73 Kat:1\"\n\t\t\t><\/iframe>\n\t\t<\/div>\n\t\t\t\t\t\t<\/div>\n\t\t\t\t<\/div>\n\t\t\t\t<div class=\"elementor-element elementor-element-b448945 elementor-widget elementor-widget-text-editor\" data-id=\"b448945\" data-element_type=\"widget\" data-e-type=\"widget\" data-widget_type=\"text-editor.default\">\n\t\t\t\t<div class=\"elementor-widget-container\">\n\t\t\t\t\t\t\t\t\t<a href=\"https:\/\/maps.app.goo.gl\/a8ms7cGPf6o4ZNgs5\"><strong>Filiz Sonru Academy<\/strong><\/a>\n<strong>Ye\u015filbah\u00e7e Mah. 1481 sok. Girithan No:4\/3 <\/strong>\n<strong>Muratpa\u015fa\/Antalya<\/strong>\n<p style=\"font-size: 16px; color: #e6a139;\"><a style=\"color: #333; text-decoration: none; margin-right: 20px;\" href=\"tel:05497813518\"><strong>\u2706 05497813518<\/strong><\/a><\/p>\t\t\t\t\t\t\t\t<\/div>\n\t\t\t\t<\/div>\n\t\t\t\t<div class=\"elementor-element elementor-element-cbc0e5d elementor-widget elementor-widget-text-editor\" data-id=\"cbc0e5d\" data-element_type=\"widget\" data-e-type=\"widget\" data-widget_type=\"text-editor.default\">\n\t\t\t\t<div class=\"elementor-widget-container\">\n\t\t\t\t\t\t\t\t\t<p><a href=\"https:\/\/maps.app.goo.gl\/HYuqbejh6Jj4zhtY7\"><strong>Filiz Sonru Beauty Konyaalt\u0131<\/strong><\/a><br \/><strong>Toros Mah. Atat\u00fcrk Bulvar\u0131 Ba\u015fak Apt. No: 96 Kat:1<\/strong><br \/><strong>Konyaalt\u0131\/Antalya<\/strong><\/p><p style=\"font-size: 16px; color: #e6a139;\"><strong><a style=\"color: #333; text-decoration: none; margin-right: 20px;\" href=\"tel:05413815708\">\u2706 05427813518<br \/><\/a><\/strong><\/p><p style=\"font-size: 16px; color: #e6a139;\"><a style=\"color: #333; text-decoration: none; margin-right: 20px;\" href=\"tel:02426151020\"><strong>\u2706 02426161020<\/strong><br \/><\/a><\/p>\t\t\t\t\t\t\t\t<\/div>\n\t\t\t\t<\/div>\n\t\t\t\t<div class=\"elementor-element elementor-element-034ee71 elementor-widget elementor-widget-text-editor\" data-id=\"034ee71\" data-element_type=\"widget\" data-e-type=\"widget\" data-widget_type=\"text-editor.default\">\n\t\t\t\t<div class=\"elementor-widget-container\">\n\t\t\t\t\t\t\t\t\t<p><a href=\"https:\/\/maps.app.goo.gl\/UntRucum2hn7dkva7\"><strong>Filiz Sonru Beauty Lara<\/strong><\/a><br \/><strong>\u0130smet G\u00f6k\u015fen Cad. No:73 Bar\u0131\u015f Apt.Kat:1 D:3 Muratpa\u015fa\/Antalya<\/strong><\/p><p style=\"font-size: 16px; color: #e6a139;\"><strong><a style=\"color: #333; text-decoration: none; margin-right: 20px;\" href=\"tel:05413815708\">\u2706 05413815708<br \/><\/a><\/strong><\/p><p style=\"font-size: 16px; color: #e6a139;\"><a style=\"color: #333; text-decoration: none; margin-right: 20px;\" href=\"tel:02426151020\"><strong>\u2706 02426151020<\/strong><br \/><\/a><\/p>\t\t\t\t\t\t\t\t<\/div>\n\t\t\t\t<\/div>\n\t\t\t\t\t<\/div>\n\t\t\t\t<\/div>\n\t\t<div class=\"elementor-element elementor-element-ca98fff e-flex e-con-boxed e-con e-parent\" data-id=\"ca98fff\" data-element_type=\"container\" data-e-type=\"container\">\n\t\t\t\t\t<div class=\"e-con-inner\">\n\t\t\t\t<div class=\"elementor-element elementor-element-2a48118 elementor-widget elementor-widget-text-editor\" data-id=\"2a48118\" data-element_type=\"widget\" data-e-type=\"widget\" data-widget_type=\"text-editor.default\">\n\t\t\t\t<div class=\"elementor-widget-container\">\n\t\t\t\t\t\t\t\t\t<div style=\"background-color: #f9f9f9; padding: 20px; border-radius: 10px; max-width: 400px;\"><h2 style=\"color: #e6b439; font-size: 24px; margin-bottom: 10px;\">\u00a0<\/h2><h2 style=\"color: #e6b439; font-size: 24px; margin-bottom: 10px;\">\u00a0<\/h2><h2 style=\"color: #e6b439; font-size: 24px; margin-bottom: 10px;\">\u00c7al\u0131\u015fma Saatlerimiz<\/h2><div>\u00a0<\/div><p style=\"color: #333333; font-size: 18px; margin: 5px 0;\">Pazartesi \u2013 Cuma: 09:00 &#8211; 20:00<\/p><p style=\"color: #ff4d4d; font-size: 18px; margin: 5px 0;\">Hafta Sonu: Kapal\u0131<\/p><\/div>\t\t\t\t\t\t\t\t<\/div>\n\t\t\t\t<\/div>\n\t\t<div class=\"elementor-element elementor-element-4f5127c e-con-full e-flex e-con e-child\" data-id=\"4f5127c\" data-element_type=\"container\" data-e-type=\"container\">\n\t\t<div class=\"elementor-element elementor-element-0460fad e-con-full e-flex e-con e-child\" data-id=\"0460fad\" data-element_type=\"container\" data-e-type=\"container\">\n\t\t<div class=\"elementor-element elementor-element-c2bcaa0 e-con-full e-flex e-con e-child\" data-id=\"c2bcaa0\" data-element_type=\"container\" data-e-type=\"container\">\n\t\t\t\t<div class=\"elementor-element elementor-element-aa7d012 elementor-widget__width-initial elementor-widget elementor-widget-shortcode\" data-id=\"aa7d012\" data-element_type=\"widget\" data-e-type=\"widget\" data-widget_type=\"shortcode.default\">\n\t\t\t\t<div class=\"elementor-widget-container\">\n\t\t\t\t\t\t\t<div class=\"elementor-shortcode\"><div class=\"wpforms-container \" id=\"wpforms-297\"><form id=\"wpforms-form-297\" class=\"wpforms-validate wpforms-form\" data-formid=\"297\" method=\"post\" enctype=\"multipart\/form-data\" action=\"\/beauty\/wp-json\/wp\/v2\/pages\/2389\" data-token=\"af049ad57f8716310d580d0b2768a1fc\" data-token-time=\"1777112532\"><noscript class=\"wpforms-error-noscript\">Bu formu bitirebilmek i\u00e7in taray\u0131c\u0131n\u0131zda JavaScript&#039;i etkinle\u015ftirin.<\/noscript><div class=\"wpforms-field-container\"><div id=\"wpforms-297-field_1-container\" class=\"wpforms-field wpforms-field-name\" data-field-id=\"1\"><label class=\"wpforms-field-label\">Ad\u0131 Soyad\u0131 <span class=\"wpforms-required-label\">*<\/span><\/label><div class=\"wpforms-field-row wpforms-field-medium\"><div class=\"wpforms-field-row-block wpforms-first wpforms-one-half\"><input type=\"text\" id=\"wpforms-297-field_1\" class=\"wpforms-field-name-first wpforms-field-required\" name=\"wpforms[fields][1][first]\" required><label for=\"wpforms-297-field_1\" class=\"wpforms-field-sublabel after\">Ad<\/label><\/div><div class=\"wpforms-field-row-block wpforms-one-half\"><input type=\"text\" id=\"wpforms-297-field_1-last\" class=\"wpforms-field-name-last wpforms-field-required\" name=\"wpforms[fields][1][last]\" required><label for=\"wpforms-297-field_1-last\" class=\"wpforms-field-sublabel after\">Soyad<\/label><\/div><\/div><\/div><div id=\"wpforms-297-field_2-container\" class=\"wpforms-field wpforms-field-email\" data-field-id=\"2\"><label class=\"wpforms-field-label\" for=\"wpforms-297-field_2\">E-posta <span class=\"wpforms-required-label\">*<\/span><\/label><input type=\"email\" id=\"wpforms-297-field_2\" class=\"wpforms-field-medium wpforms-field-required\" name=\"wpforms[fields][2]\" spellcheck=\"false\" required><\/div>\t\t<div id=\"wpforms-297-field_4-container\"\n\t\t\tclass=\"wpforms-field wpforms-field-text\"\n\t\t\tdata-field-type=\"text\"\n\t\t\tdata-field-id=\"4\"\n\t\t\t>\n\t\t\t<label class=\"wpforms-field-label\" for=\"wpforms-297-field_4\" >veya Yorum Mesaj<\/label>\n\t\t\t<input type=\"text\" id=\"wpforms-297-field_4\" class=\"wpforms-field-medium\" name=\"wpforms[fields][4]\" >\n\t\t<\/div>\n\t\t<div id=\"wpforms-297-field_3-container\" class=\"wpforms-field wpforms-field-textarea\" data-field-id=\"3\"><label class=\"wpforms-field-label\" for=\"wpforms-297-field_3\">Yorum veya Mesaj<\/label><textarea id=\"wpforms-297-field_3\" class=\"wpforms-field-medium\" name=\"wpforms[fields][3]\" ><\/textarea><\/div><script>\n\t\t\t\t( function() {\n\t\t\t\t\tconst style = document.createElement( 'style' );\n\t\t\t\t\tstyle.appendChild( document.createTextNode( '#wpforms-297-field_4-container { position: absolute !important; overflow: hidden !important; display: inline !important; height: 1px !important; width: 1px !important; z-index: -1000 !important; padding: 0 !important; } #wpforms-297-field_4-container input { visibility: hidden; } #wpforms-conversational-form-page #wpforms-297-field_4-container label { counter-increment: none; }' ) );\n\t\t\t\t\tdocument.head.appendChild( style );\n\t\t\t\t\tdocument.currentScript?.remove();\n\t\t\t\t} )();\n\t\t\t<\/script><\/div><!-- .wpforms-field-container --><div class=\"wpforms-submit-container\" ><input type=\"hidden\" name=\"wpforms[id]\" value=\"297\"><input type=\"hidden\" name=\"page_title\" value=\"\"><input type=\"hidden\" name=\"page_url\" value=\"https:\/\/filizsonru.com\/beauty\/wp-json\/wp\/v2\/pages\/2389\"><input type=\"hidden\" name=\"url_referer\" value=\"\"><button type=\"submit\" name=\"wpforms[submit]\" id=\"wpforms-submit-297\" class=\"wpforms-submit\" data-alt-text=\"G\u00f6nderiliyor...\" data-submit-text=\"Mesaj G\u00f6nder\" aria-live=\"assertive\" value=\"wpforms-submit\">Mesaj G\u00f6nder<\/button><\/div><\/form><\/div>  <!-- .wpforms-container -->\t<\/div>\n\t\t\t\t\t\t<\/div>\n\t\t\t\t<\/div>\n\t\t\t\t<\/div>\n\t\t\t\t<\/div>\n\t\t\t\t<\/div>\n\t\t\t\t\t<\/div>\n\t\t\t\t<\/div>\n\t\t<div class=\"elementor-element elementor-element-b00a60e e-flex e-con-boxed e-con e-parent\" data-id=\"b00a60e\" data-element_type=\"container\" data-e-type=\"container\">\n\t\t\t\t\t<div class=\"e-con-inner\">\n\t\t\t\t\t<\/div>\n\t\t\t\t<\/div>\n\t\t<div class=\"elementor-element elementor-element-d146a6b e-flex e-con-boxed e-con e-parent\" data-id=\"d146a6b\" data-element_type=\"container\" data-e-type=\"container\">\n\t\t\t\t\t<div class=\"e-con-inner\">\n\t\t\t\t\t<\/div>\n\t\t\t\t<\/div>\n\t\t\t\t<\/div>\n\t\t","protected":false},"excerpt":{"rendered":"<p>Filiz Sonru Academy Ye\u015filbah\u00e7e Mah. 1481 sok. Girithan No:4\/3 Muratpa\u015fa\/Antalya \u2706 05497813518 Filiz Sonru Beauty Konyaalt\u0131Toros Mah. Atat\u00fcrk Bulvar\u0131 Ba\u015fak Apt. No: 96 Kat:1Konyaalt\u0131\/Antalya \u2706 05427813518 \u2706 02426161020 Filiz Sonru Beauty Lara\u0130smet G\u00f6k\u015fen Cad. No:73 Bar\u0131\u015f Apt.Kat:1 D:3 Muratpa\u015fa\/Antalya \u2706 05413815708 \u2706 02426151020 \u00a0 \u00a0 \u00c7al\u0131\u015fma Saatlerimiz \u00a0 Pazartesi \u2013 Cuma: 09:00 &#8211; 20:00 Hafta [&hellip;]<\/p>\n","protected":false},"author":1,"featured_media":0,"parent":0,"menu_order":0,"comment_status":"closed","ping_status":"closed","template":"","meta":{"pagelayer_contact_templates":[],"_pagelayer_content":"","_surecart_dashboard_logo_width":"180px","_surecart_dashboard_show_logo":true,"_surecart_dashboard_navigation_orders":true,"_surecart_dashboard_navigation_invoices":true,"_surecart_dashboard_navigation_subscriptions":true,"_surecart_dashboard_navigation_downloads":true,"_surecart_dashboard_navigation_billing":true,"_surecart_dashboard_navigation_account":true,"site-sidebar-layout":"no-sidebar","site-content-layout":"page-builder","ast-site-content-layout":"full-width-container","site-content-style":"default","site-sidebar-style":"default","ast-global-header-display":"","ast-banner-title-visibility":"","ast-main-header-display":"","ast-hfb-above-header-display":"","ast-hfb-below-header-display":"","ast-hfb-mobile-header-display":"","site-post-title":"","ast-breadcrumbs-content":"","ast-featured-img":"disabled","footer-sml-layout":"","ast-disable-related-posts":"","theme-transparent-header-meta":"","adv-header-id-meta":"","stick-header-meta":"","header-above-stick-meta":"","header-main-stick-meta":"","header-below-stick-meta":"","astra-migrate-meta-layouts":"set","ast-page-background-enabled":"default","ast-page-background-meta":{"desktop":{"background-color":"","background-image":"","background-repeat":"repeat","background-position":"center center","background-size":"auto","background-attachment":"scroll","background-type":"","background-media":"","overlay-type":"","overlay-color":"","overlay-opacity":"","overlay-gradient":""},"tablet":{"background-color":"","background-image":"","background-repeat":"repeat","background-position":"center center","background-size":"auto","background-attachment":"scroll","background-type":"","background-media":"","overlay-type":"","overlay-color":"","overlay-opacity":"","overlay-gradient":""},"mobile":{"background-color":"","background-image":"","background-repeat":"repeat","background-position":"center center","background-size":"auto","background-attachment":"scroll","background-type":"","background-media":"","overlay-type":"","overlay-color":"","overlay-opacity":"","overlay-gradient":""}},"ast-content-background-meta":{"desktop":{"background-color":"var(--ast-global-color-5)","background-image":"","background-repeat":"repeat","background-position":"center center","background-size":"auto","background-attachment":"scroll","background-type":"","background-media":"","overlay-type":"","overlay-color":"","overlay-opacity":"","overlay-gradient":""},"tablet":{"background-color":"var(--ast-global-color-5)","background-image":"","background-repeat":"repeat","background-position":"center center","background-size":"auto","background-attachment":"scroll","background-type":"","background-media":"","overlay-type":"","overlay-color":"","overlay-opacity":"","overlay-gradient":""},"mobile":{"background-color":"var(--ast-global-color-5)","background-image":"","background-repeat":"repeat","background-position":"center center","background-size":"auto","background-attachment":"scroll","background-type":"","background-media":"","overlay-type":"","overlay-color":"","overlay-opacity":"","overlay-gradient":""}},"_kadence_starter_templates_imported_post":false,"footnotes":""},"class_list":["post-2389","page","type-page","status-publish","hentry"],"_links":{"self":[{"href":"https:\/\/filizsonru.com\/beauty\/wp-json\/wp\/v2\/pages\/2389","targetHints":{"allow":["GET"]}}],"collection":[{"href":"https:\/\/filizsonru.com\/beauty\/wp-json\/wp\/v2\/pages"}],"about":[{"href":"https:\/\/filizsonru.com\/beauty\/wp-json\/wp\/v2\/types\/page"}],"author":[{"embeddable":true,"href":"https:\/\/filizsonru.com\/beauty\/wp-json\/wp\/v2\/users\/1"}],"replies":[{"embeddable":true,"href":"https:\/\/filizsonru.com\/beauty\/wp-json\/wp\/v2\/comments?post=2389"}],"version-history":[{"count":19,"href":"https:\/\/filizsonru.com\/beauty\/wp-json\/wp\/v2\/pages\/2389\/revisions"}],"predecessor-version":[{"id":2417,"href":"https:\/\/filizsonru.com\/beauty\/wp-json\/wp\/v2\/pages\/2389\/revisions\/2417"}],"wp:attachment":[{"href":"https:\/\/filizsonru.com\/beauty\/wp-json\/wp\/v2\/media?parent=2389"}],"curies":[{"name":"wp","href":"https:\/\/api.w.org\/{rel}","templated":true}]}}